{"id":74,"date":"2021-11-05T11:28:21","date_gmt":"2021-11-05T11:28:21","guid":{"rendered":"http:\/\/egecep.org.tr\/?page_id=74"},"modified":"2025-09-11T08:05:31","modified_gmt":"2025-09-11T08:05:31","slug":"iletisim","status":"publish","type":"page","link":"https:\/\/egecep.org.tr\/index.php\/iletisim\/","title":{"rendered":"\u0130LET\u0130\u015e\u0130M"},"content":{"rendered":"\n<p><\/p>\n\n\n\n<p><strong>EGE \u00c7EVRE VE K\u00dcLT\u00dcR PLATFORMU (EGE\u00c7EP) DERNE\u011e\u0130<\/strong><\/p>\n\n\n\n<p><strong>ADRES:<\/strong> MANAVKUYU MAH. 249\/3 SOKAK, NO: 3\/12, BAYRAKLI\/\u0130ZM\u0130R<\/p>\n\n\n\n<p><strong>TEL:<\/strong> 0232 425 6689<\/p>\n\n\n\n<p><strong>GSM:<\/strong> 0 551 039 66 64<\/p>\n\n\n\n<p><strong>E-POSTA:<\/strong> <a href=\"https:\/\/web.archive.org\/web\/20210510121119\/mailto:egecepsozcu@gmail.com?Subject=\u0130leti\u015fim\">egecepsozcu@gmail.com<\/a><\/p>\n\n\n\n<p><\/p>\n\n\n\n<p><strong>HAVALE \/ EFT \/ FAST arac\u0131l\u0131\u011f\u0131yla aidat \u00f6demeleri i\u00e7in:<\/strong><br>EGE\u00c7EP DERNE\u011e\u0130<br>\u0130\u015f Bankas\u0131 Konak \u015eubesi (3408)<br>Hesap No: 2195644<br>IBAN: TR 48 0006 4000 0013 4082 1956 44<\/p>\n\n\n\n<p><\/p>\n","protected":false},"excerpt":{"rendered":"<p>EGE \u00c7EVRE VE K\u00dcLT\u00dcR PLATFORMU (EGE\u00c7EP) DERNE\u011e\u0130 ADRES: MANAVKUYU MAH. 249\/3 SOKAK, NO: 3\/12, BAYRAKLI\/\u0130ZM\u0130R TEL: 0232 425 6689 GSM:<\/p>\n","protected":false},"author":1,"featured_media":0,"parent":0,"menu_order":0,"comment_status":"closed","ping_status":"closed","template":"","meta":{"colormag_page_container_layout":"default_layout","colormag_page_sidebar_layout":"default_layout","footnotes":""},"class_list":["post-74","page","type-page","status-publish","hentry"],"_links":{"self":[{"href":"https:\/\/egecep.org.tr\/index.php\/wp-json\/wp\/v2\/pages\/74","targetHints":{"allow":["GET"]}}],"collection":[{"href":"https:\/\/egecep.org.tr\/index.php\/wp-json\/wp\/v2\/pages"}],"about":[{"href":"https:\/\/egecep.org.tr\/index.php\/wp-json\/wp\/v2\/types\/page"}],"author":[{"embeddable":true,"href":"https:\/\/egecep.org.tr\/index.php\/wp-json\/wp\/v2\/users\/1"}],"replies":[{"embeddable":true,"href":"https:\/\/egecep.org.tr\/index.php\/wp-json\/wp\/v2\/comments?post=74"}],"version-history":[{"count":5,"href":"https:\/\/egecep.org.tr\/index.php\/wp-json\/wp\/v2\/pages\/74\/revisions"}],"predecessor-version":[{"id":653,"href":"https:\/\/egecep.org.tr\/index.php\/wp-json\/wp\/v2\/pages\/74\/revisions\/653"}],"wp:attachment":[{"href":"https:\/\/egecep.org.tr\/index.php\/wp-json\/wp\/v2\/media?parent=74"}],"curies":[{"name":"wp","href":"https:\/\/api.w.org\/{rel}","templated":true}]}}